{"id":42,"date":"2013-02-27T11:43:47","date_gmt":"2013-02-27T10:43:47","guid":{"rendered":"http:\/\/www.fotofreunde-lev.de\/?page_id=42"},"modified":"2023-01-22T15:41:52","modified_gmt":"2023-01-22T14:41:52","slug":"was-es-bei-uns-kostet","status":"publish","type":"page","link":"https:\/\/www.fotofreunde-lev.de\/?page_id=42","title":{"rendered":"Was es bei uns kostet"},"content":{"rendered":"<p>Nat\u00fcrlich gibt es all die guten M\u00f6glichkeiten, seiner Kreativit\u00e4t freien Lauf zu lassen, nicht umsonst. Wie man aber an den Beitr\u00e4gen sehen kann, versuchen wir dieses Hobby erschwinglich zu halten.<\/p>\n<p>Die Beitr\u00e4ge dienen der Deckung der laufenden Kosten unseres Studios.<\/p>\n<p>So bezahlen wir von den Beitr\u00e4gen Miete, Wasser, Strom und nat\u00fcrlich die Arbeitsmaterialien wie Hintergr\u00fcnde, Blitzbirnen und was sonst noch so anf\u00e4llt.<\/p>\n<p>Einmal im Jahr wird dann auch genaustens \u00fcber die Verwendung der Gelder berichtet.<\/p>\n<p>Auszug aus unserer Beitragsordnung:<\/p>\n<table style=\"width: 100%;\" border=\"1\" cellspacing=\"0\" cellpadding=\"0\">\n<tbody>\n<tr>\n<td width=\"60%\"><span style=\"font-family: Arial Black;\">einfache Mitgliedschaft<\/span><\/td>\n<td width=\"40%\"><span style=\"font-family: Arial Black;\">20 \u20ac \/ Monat<br \/>\n<\/span><\/td>\n<\/tr>\n<tr>\n<td width=\"60%\"><span style=\"font-family: Arial Black;\">Nutzung des Studios<\/span><\/td>\n<td width=\"40%\"><span style=\"font-family: Arial Black;\">36 \u20ac \/ Shooting (3h)<\/span><\/td>\n<\/tr>\n<tr>\n<td width=\"60%\"><a style=\"padding-left: 30px;\">oder wahlweise<\/a><\/td>\n<td width=\"40%\"><\/td>\n<\/tr>\n<tr>\n<td width=\"60%\"><span style=\"font-family: Arial Black;\">Studio-Mitgliedschaft<\/span><\/td>\n<td width=\"40%\"><span style=\"font-family: Arial Black;\">50 \u20ac \/ Monat<br \/>\n<\/span><\/td>\n<\/tr>\n<tr>\n<td width=\"60%\"><span style=\"font-family: Arial Black;\">Nutzung des Studios<\/span><\/td>\n<td width=\"40%\"><span style=\"font-family: Arial Black;\">15 \u20ac \/ Shooting (3h)<\/span><\/td>\n<\/tr>\n<tr>\n<td width=\"60%\"><a style=\"padding-left: 30px;\">einmalig<\/a><\/td>\n<td width=\"40%\"><\/td>\n<\/tr>\n<tr>\n<td width=\"60%\"><span style=\"font-family: Arial Black;\">Aufnahmebeitrag + Schl\u00fcsselkaution<\/span><\/td>\n<td width=\"40%\"><span style=\"font-family: Arial Black;\">80 \u20ac<\/span><\/td>\n<\/tr>\n<\/tbody>\n<\/table>\n<p>Anfragen hierzu bitte an die\u00a0<a href=\"mailto:info@fotofreunde-lev.de\">Fotofreunde-Leverkusen.<br \/>\n<\/a>Und wer Mitglied werden will, braucht das hier:\u00a0<a href=\"http:\/\/www.fotofreunde-lev.de\/wp-content\/uploads\/2016\/04\/FFLev-Beitrittserklaerung.pdf\" target=\"_blank\" rel=\"noopener\">Aufnahmeantrag<\/a><\/p>\n<p>Stand Februar 2023<\/p>\n","protected":false},"excerpt":{"rendered":"<p>Nat\u00fcrlich gibt es all die guten M\u00f6glichkeiten, seiner Kreativit\u00e4t freien Lauf zu lassen, nicht umsonst. Wie man aber an den Beitr\u00e4gen sehen kann, versuchen wir dieses Hobby erschwinglich zu halten. Die Beitr\u00e4ge dienen der Deckung der laufenden Kosten unseres Studios. So bezahlen wir von den &hellip; <a href=\"https:\/\/www.fotofreunde-lev.de\/?page_id=42\" class=\"more-link\"><span>Weiterlesen &#8230;<span class=\"screen-reader-text\">Was es bei uns kostet<\/span><\/span><\/a><\/p>\n","protected":false},"author":1,"featured_media":0,"parent":0,"menu_order":0,"comment_status":"closed","ping_status":"closed","template":"","meta":{"footnotes":"","_links_to":"","_links_to_target":""},"class_list":["post-42","page","type-page","status-publish","hentry"],"_links":{"self":[{"href":"https:\/\/www.fotofreunde-lev.de\/index.php?rest_route=\/wp\/v2\/pages\/42","targetHints":{"allow":["GET"]}}],"collection":[{"href":"https:\/\/www.fotofreunde-lev.de\/index.php?rest_route=\/wp\/v2\/pages"}],"about":[{"href":"https:\/\/www.fotofreunde-lev.de\/index.php?rest_route=\/wp\/v2\/types\/page"}],"author":[{"embeddable":true,"href":"https:\/\/www.fotofreunde-lev.de\/index.php?rest_route=\/wp\/v2\/users\/1"}],"replies":[{"embeddable":true,"href":"https:\/\/www.fotofreunde-lev.de\/index.php?rest_route=%2Fwp%2Fv2%2Fcomments&post=42"}],"version-history":[{"count":37,"href":"https:\/\/www.fotofreunde-lev.de\/index.php?rest_route=\/wp\/v2\/pages\/42\/revisions"}],"predecessor-version":[{"id":6109,"href":"https:\/\/www.fotofreunde-lev.de\/index.php?rest_route=\/wp\/v2\/pages\/42\/revisions\/6109"}],"wp:attachment":[{"href":"https:\/\/www.fotofreunde-lev.de\/index.php?rest_route=%2Fwp%2Fv2%2Fmedia&parent=42"}],"curies":[{"name":"wp","href":"https:\/\/api.w.org\/{rel}","templated":true}]}}