{"id":2,"date":"2013-02-25T20:38:00","date_gmt":"2013-02-25T20:38:00","guid":{"rendered":"http:\/\/www.fotofreunde-lev.de\/?page_id=2"},"modified":"2018-12-13T20:48:30","modified_gmt":"2018-12-13T19:48:30","slug":"beispiel-seite","status":"publish","type":"page","link":"https:\/\/www.fotofreunde-lev.de\/?page_id=2","title":{"rendered":"Impressum &#038; Disclaimer"},"content":{"rendered":"<h2>Impressum<\/h2>\n<p><strong>Verantwortlicher &amp; Anbieter:<\/strong><\/p>\n<p>Fotofreunde Leverkusen<br \/>\nVorstand: \u00a0 Volker Kuhnert, Ralf Maximoff, Wolfgang Weeber<\/p>\n<p>Postanschrift:\u00a0\u00a0 Wolfgang Weeber, Rolandstra\u00dfe 26, 51381 Leverkusen<\/p>\n<p>Studio Adresse:\u00a0Alte Landstra\u00dfe 217-219,\u00a051373 Leverkusen<\/p>\n<p>Email:\u00a0\u00a0 <a href=\"mailto:info@Fotofreunde-lev.de\" target=\"_blank\" rel=\"noopener\">info@fotofreunde-lev.de<\/a><\/p>\n<p>Webseite:\u00a0\u00a0 www.fotofreunde-lev.de<\/p>\n<p><strong>Verantwortlich f\u00fcr den Inhalt nach \u00a755 Abs. 2 RStV:<\/strong><\/p>\n<p>Wolfgang Weeber<br \/>\nRolandstr. 26<br \/>\n51381 Leverkusen<\/p>\n<p><img loading=\"lazy\" decoding=\"async\" class=\"alignnone size-full wp-image-9\" src=\"http:\/\/www.fotofreunde-lev.de\/wp-content\/uploads\/2013\/02\/FotofreundeLeverkusen_140.gif\" alt=\"FotofreundeLeverkusen_140\" width=\"140\" height=\"140\" \/><\/p>\n<h2>Disclaimer<\/h2>\n<p><strong>Haftung f\u00fcr Inhalte<\/strong><\/p>\n<p>Die Inhalte unserer Seiten wurden mit gr\u00f6\u00dfter Sorgfalt erstellt. F\u00fcr die Richtigkeit, Vollst\u00e4ndigkeit und Aktualit\u00e4t der Inhalte k\u00f6nnen wir jedoch keine Gew\u00e4hr \u00fcbernehmen. Als Diensteanbieter sind wir gem\u00e4\u00df \u00a7 7 Abs.1 TMG f\u00fcr eigene Inhalte auf diesen Seiten nach den allgemeinen Gesetzen verantwortlich. Nach \u00a7\u00a7 8 bis 10 TMG sind wir als Diensteanbieter jedoch nicht verpflichtet, \u00fcbermittelte oder gespeicherte fremde Informationen zu \u00fcberwachen oder nach Umst\u00e4nden zu forschen, die auf eine rechtswidrige T\u00e4tigkeit hinweisen. Verpflichtungen zur Entfernung oder Sperrung der Nutzung von Informationen nach den allgemeinen Gesetzen bleiben hiervon unber\u00fchrt. Eine diesbez\u00fcgliche Haftung ist jedoch erst ab dem Zeitpunkt der Kenntnis einer konkreten Rechtsverletzung m\u00f6glich. Bei Bekanntwerden von entsprechenden Rechtsverletzungen werden wir diese Inhalte umgehend entfernen.<\/p>\n<p><strong>Haftung f\u00fcr Links<\/strong><\/p>\n<p>Unser Angebot enth\u00e4lt Links zu externen Webseiten Dritter, auf deren Inhalte wir keinen Einfluss haben. Deshalb k\u00f6nnen wir f\u00fcr diese fremden Inhalte auch keine Gew\u00e4hr \u00fcbernehmen. F\u00fcr die Inhalte der verlinkten Seiten ist stets der jeweilige Anbieter oder Betreiber der Seiten verantwortlich. Die verlinkten Seiten wurden zum Zeitpunkt der Verlinkung auf m\u00f6gliche Rechtsverst\u00f6\u00dfe \u00fcberpr\u00fcft. Rechtswidrige Inhalte waren zum Zeitpunkt der Verlinkung nicht erkennbar. Eine permanente inhaltliche Kontrolle der verlinkten Seiten ist jedoch ohne konkrete Anhaltspunkte einer Rechtsverletzung nicht zumutbar. Bei Bekanntwerden von Rechtsverletzungen werden wir derartige Links umgehend entfernen.<\/p>\n<p><strong>\u00a0<\/strong><\/p>\n<p><strong>Urheberrecht<\/strong><\/p>\n<p>Die durch die Seitenbetreiber erstellten Inhalte und Werke auf diesen Seiten unterliegen dem deutschen Urheberrecht. Die Vervielf\u00e4ltigung, Bearbeitung, Verbreitung und jede Art der Verwertung au\u00dferhalb der Grenzen des Urheberrechtes bed\u00fcrfen der schriftlichen Zustimmung des jeweiligen Autors bzw. Erstellers. Downloads und Kopien dieser Seite sind nicht gestattet. Soweit die Inhalte auf dieser Seite nicht vom Betreiber erstellt wurden, werden die Urheberrechte Dritter beachtet. Insbesondere werden Inhalte Dritter als solche gekennzeichnet. Sollten Sie trotzdem auf eine Urheberrechtsverletzung aufmerksam werden, bitten wir um einen entsprechenden Hinweis. Bei Bekanntwerden von Rechtsverletzungen werden wir derartige Inhalte umgehend entfernen.<\/p>\n<p><strong>Datenschutz<\/strong><\/p>\n<p><a href=\"http:\/\/www.fotofreunde-lev.de\/?page_id=4309\" rel=\"noopener\">zur Datenschutzerkl\u00e4rung<\/a><\/p>\n","protected":false},"excerpt":{"rendered":"<p>Impressum Verantwortlicher &amp; Anbieter: Fotofreunde Leverkusen Vorstand: \u00a0 Volker Kuhnert, Ralf Maximoff, Wolfgang Weeber Postanschrift:\u00a0\u00a0 Wolfgang Weeber, Rolandstra\u00dfe 26, 51381 Leverkusen Studio Adresse:\u00a0Alte Landstra\u00dfe 217-219,\u00a051373 Leverkusen Email:\u00a0\u00a0 info@fotofreunde-lev.de Webseite:\u00a0\u00a0 www.fotofreunde-lev.de Verantwortlich f\u00fcr den Inhalt nach \u00a755 Abs. 2 RStV: Wolfgang Weeber Rolandstr. 26 51381 Leverkusen &hellip; <a href=\"https:\/\/www.fotofreunde-lev.de\/?page_id=2\" class=\"more-link\"><span>Weiterlesen &#8230;<span class=\"screen-reader-text\">Impressum &#038; Disclaimer<\/span><\/span><\/a><\/p>\n","protected":false},"author":1,"featured_media":0,"parent":0,"menu_order":0,"comment_status":"closed","ping_status":"closed","template":"","meta":{"footnotes":"","_links_to":"","_links_to_target":""},"class_list":["post-2","page","type-page","status-publish","hentry"],"_links":{"self":[{"href":"https:\/\/www.fotofreunde-lev.de\/index.php?rest_route=\/wp\/v2\/pages\/2","targetHints":{"allow":["GET"]}}],"collection":[{"href":"https:\/\/www.fotofreunde-lev.de\/index.php?rest_route=\/wp\/v2\/pages"}],"about":[{"href":"https:\/\/www.fotofreunde-lev.de\/index.php?rest_route=\/wp\/v2\/types\/page"}],"author":[{"embeddable":true,"href":"https:\/\/www.fotofreunde-lev.de\/index.php?rest_route=\/wp\/v2\/users\/1"}],"replies":[{"embeddable":true,"href":"https:\/\/www.fotofreunde-lev.de\/index.php?rest_route=%2Fwp%2Fv2%2Fcomments&post=2"}],"version-history":[{"count":21,"href":"https:\/\/www.fotofreunde-lev.de\/index.php?rest_route=\/wp\/v2\/pages\/2\/revisions"}],"predecessor-version":[{"id":4501,"href":"https:\/\/www.fotofreunde-lev.de\/index.php?rest_route=\/wp\/v2\/pages\/2\/revisions\/4501"}],"wp:attachment":[{"href":"https:\/\/www.fotofreunde-lev.de\/index.php?rest_route=%2Fwp%2Fv2%2Fmedia&parent=2"}],"curies":[{"name":"wp","href":"https:\/\/api.w.org\/{rel}","templated":true}]}}